{"id":177,"date":"2024-01-03T21:08:51","date_gmt":"2024-01-03T20:08:51","guid":{"rendered":"https:\/\/unterhist.org\/unterhist-blog\/?page_id=177"},"modified":"2025-11-09T13:04:31","modified_gmt":"2025-11-09T12:04:31","slug":"breves","status":"publish","type":"page","link":"https:\/\/unterhist.org\/unterhist-blog\/breves\/","title":{"rendered":"Br\u00e8ves"},"content":{"rendered":"\n<p>Quelques curiosit\u00e9s, id\u00e9es, d\u00e9but de recherches en vrac. Toujours sur les souterrains parisiens, ces pastilles sont moins pouss\u00e9es que les articles du blog :<\/p>\n\n\n\n<ul class=\"wp-block-list\">\n<li><a href=\"https:\/\/unterhist.org\/unterhist-blog\/2024\/01\/03\/breve-le-telegraphe-dans-les-catacombes\/\">Le t\u00e9l\u00e9graphe dans les catacombes<\/a><\/li>\n\n\n\n<li><a data-type=\"link\" data-id=\"https:\/\/unterhist.org\/unterhist-blog\/2024\/03\/30\/breve-une-evasion-par-laqueduc-darcueil\/\" href=\"https:\/\/unterhist.org\/unterhist-blog\/2024\/03\/30\/breve-une-evasion-par-laqueduc-darcueil\/\">Br\u00e8ve : Une \u00e9vasion par l&rsquo;aqueduc d&rsquo;Arcueil<\/a><\/li>\n\n\n\n<li><a href=\"https:\/\/unterhist.org\/unterhist-blog\/2024\/07\/08\/breve-une-carriere-inconnue-sous-le-lycee-louis-le-grand\/\">Une carri\u00e8re inconnue sous le lyc\u00e9e Louis-le-Grand ?<\/a><\/li>\n\n\n\n<li><a href=\"https:\/\/unterhist.org\/unterhist-blog\/2025\/11\/09\/breve-le-puits-au-merle\/\">Le chemin du puits au merle<\/a><\/li>\n<\/ul>\n","protected":false},"excerpt":{"rendered":"<p>Quelques curiosit\u00e9s, id\u00e9es, d\u00e9but de recherches en vrac. Toujours sur les souterrains parisiens, ces pastilles sont moins pouss\u00e9es que les articles du blog :<\/p>\n","protected":false},"author":1,"featured_media":0,"parent":0,"menu_order":0,"comment_status":"closed","ping_status":"closed","template":"","meta":{"footnotes":""},"class_list":["post-177","page","type-page","status-publish","hentry"],"yoast_head":"<!-- This site is optimized with the Yoast SEO plugin v27.4 - https:\/\/yoast.com\/product\/yoast-seo-wordpress\/ -->\n<title>Br\u00e8ves &#060; unterhist-blog<\/title>\n<meta name=\"robots\" content=\"index, follow, max-snippet:-1, max-image-preview:large, max-video-preview:-1\" \/>\n<link rel=\"canonical\" href=\"https:\/\/unterhist.org\/unterhist-blog\/breves\/\" \/>\n<meta property=\"og:locale\" content=\"fr_FR\" \/>\n<meta property=\"og:type\" content=\"article\" \/>\n<meta property=\"og:title\" content=\"Br\u00e8ves &#060; unterhist-blog\" \/>\n<meta property=\"og:description\" content=\"Quelques curiosit\u00e9s, id\u00e9es, d\u00e9but de recherches en vrac. Toujours sur les souterrains parisiens, ces pastilles sont moins pouss\u00e9es que les articles du blog :\" \/>\n<meta property=\"og:url\" content=\"https:\/\/unterhist.org\/unterhist-blog\/breves\/\" \/>\n<meta property=\"og:site_name\" content=\"unterhist-blog\" \/>\n<meta property=\"article:modified_time\" content=\"2025-11-09T12:04:31+00:00\" \/>\n<meta property=\"og:image\" content=\"https:\/\/unterhist.org\/unterhist-blog\/wp-content\/uploads\/2024\/04\/Atlas_Fourcy_Paris_1859_15.jpg\" \/>\n\t<meta property=\"og:image:width\" content=\"1200\" \/>\n\t<meta property=\"og:image:height\" content=\"675\" \/>\n\t<meta property=\"og:image:type\" content=\"image\/jpeg\" \/>\n<meta name=\"twitter:card\" content=\"summary_large_image\" \/>\n<meta name=\"twitter:label1\" content=\"Dur\u00e9e de lecture estim\u00e9e\" \/>\n\t<meta name=\"twitter:data1\" content=\"1 minute\" \/>\n<script type=\"application\/ld+json\" class=\"yoast-schema-graph\">{\"@context\":\"https:\\\/\\\/schema.org\",\"@graph\":[{\"@type\":\"WebPage\",\"@id\":\"https:\\\/\\\/unterhist.org\\\/unterhist-blog\\\/breves\\\/\",\"url\":\"https:\\\/\\\/unterhist.org\\\/unterhist-blog\\\/breves\\\/\",\"name\":\"Br\u00e8ves &#060; unterhist-blog\",\"isPartOf\":{\"@id\":\"https:\\\/\\\/unterhist.org\\\/unterhist-blog\\\/#website\"},\"datePublished\":\"2024-01-03T20:08:51+00:00\",\"dateModified\":\"2025-11-09T12:04:31+00:00\",\"breadcrumb\":{\"@id\":\"https:\\\/\\\/unterhist.org\\\/unterhist-blog\\\/breves\\\/#breadcrumb\"},\"inLanguage\":\"fr-FR\",\"potentialAction\":[{\"@type\":\"ReadAction\",\"target\":[\"https:\\\/\\\/unterhist.org\\\/unterhist-blog\\\/breves\\\/\"]}]},{\"@type\":\"BreadcrumbList\",\"@id\":\"https:\\\/\\\/unterhist.org\\\/unterhist-blog\\\/breves\\\/#breadcrumb\",\"itemListElement\":[{\"@type\":\"ListItem\",\"position\":1,\"name\":\"Accueil\",\"item\":\"https:\\\/\\\/unterhist.org\\\/unterhist-blog\\\/\"},{\"@type\":\"ListItem\",\"position\":2,\"name\":\"Br\u00e8ves\"}]},{\"@type\":\"WebSite\",\"@id\":\"https:\\\/\\\/unterhist.org\\\/unterhist-blog\\\/#website\",\"url\":\"https:\\\/\\\/unterhist.org\\\/unterhist-blog\\\/\",\"name\":\"unterhist-blog\",\"description\":\"Histoire des lieux souterrains en r\u00e9gion parisienne\",\"publisher\":{\"@id\":\"https:\\\/\\\/unterhist.org\\\/unterhist-blog\\\/#organization\"},\"alternateName\":\"unterhist\",\"potentialAction\":[{\"@type\":\"SearchAction\",\"target\":{\"@type\":\"EntryPoint\",\"urlTemplate\":\"https:\\\/\\\/unterhist.org\\\/unterhist-blog\\\/?s={search_term_string}\"},\"query-input\":{\"@type\":\"PropertyValueSpecification\",\"valueRequired\":true,\"valueName\":\"search_term_string\"}}],\"inLanguage\":\"fr-FR\"},{\"@type\":\"Organization\",\"@id\":\"https:\\\/\\\/unterhist.org\\\/unterhist-blog\\\/#organization\",\"name\":\"unterhist\",\"url\":\"https:\\\/\\\/unterhist.org\\\/unterhist-blog\\\/\",\"logo\":{\"@type\":\"ImageObject\",\"inLanguage\":\"fr-FR\",\"@id\":\"https:\\\/\\\/unterhist.org\\\/unterhist-blog\\\/#\\\/schema\\\/logo\\\/image\\\/\",\"url\":\"https:\\\/\\\/unterhist.org\\\/unterhist-blog\\\/wp-content\\\/uploads\\\/2023\\\/10\\\/unnamed.png\",\"contentUrl\":\"https:\\\/\\\/unterhist.org\\\/unterhist-blog\\\/wp-content\\\/uploads\\\/2023\\\/10\\\/unnamed.png\",\"width\":360,\"height\":360,\"caption\":\"unterhist\"},\"image\":{\"@id\":\"https:\\\/\\\/unterhist.org\\\/unterhist-blog\\\/#\\\/schema\\\/logo\\\/image\\\/\"}}]}<\/script>\n<!-- \/ Yoast SEO plugin. -->","yoast_head_json":{"title":"Br\u00e8ves &#060; unterhist-blog","robots":{"index":"index","follow":"follow","max-snippet":"max-snippet:-1","max-image-preview":"max-image-preview:large","max-video-preview":"max-video-preview:-1"},"canonical":"https:\/\/unterhist.org\/unterhist-blog\/breves\/","og_locale":"fr_FR","og_type":"article","og_title":"Br\u00e8ves &#060; unterhist-blog","og_description":"Quelques curiosit\u00e9s, id\u00e9es, d\u00e9but de recherches en vrac. Toujours sur les souterrains parisiens, ces pastilles sont moins pouss\u00e9es que les articles du blog :","og_url":"https:\/\/unterhist.org\/unterhist-blog\/breves\/","og_site_name":"unterhist-blog","article_modified_time":"2025-11-09T12:04:31+00:00","og_image":[{"width":1200,"height":675,"url":"https:\/\/unterhist.org\/unterhist-blog\/wp-content\/uploads\/2024\/04\/Atlas_Fourcy_Paris_1859_15.jpg","type":"image\/jpeg"}],"twitter_card":"summary_large_image","twitter_misc":{"Dur\u00e9e de lecture estim\u00e9e":"1 minute"},"schema":{"@context":"https:\/\/schema.org","@graph":[{"@type":"WebPage","@id":"https:\/\/unterhist.org\/unterhist-blog\/breves\/","url":"https:\/\/unterhist.org\/unterhist-blog\/breves\/","name":"Br\u00e8ves &#060; unterhist-blog","isPartOf":{"@id":"https:\/\/unterhist.org\/unterhist-blog\/#website"},"datePublished":"2024-01-03T20:08:51+00:00","dateModified":"2025-11-09T12:04:31+00:00","breadcrumb":{"@id":"https:\/\/unterhist.org\/unterhist-blog\/breves\/#breadcrumb"},"inLanguage":"fr-FR","potentialAction":[{"@type":"ReadAction","target":["https:\/\/unterhist.org\/unterhist-blog\/breves\/"]}]},{"@type":"BreadcrumbList","@id":"https:\/\/unterhist.org\/unterhist-blog\/breves\/#breadcrumb","itemListElement":[{"@type":"ListItem","position":1,"name":"Accueil","item":"https:\/\/unterhist.org\/unterhist-blog\/"},{"@type":"ListItem","position":2,"name":"Br\u00e8ves"}]},{"@type":"WebSite","@id":"https:\/\/unterhist.org\/unterhist-blog\/#website","url":"https:\/\/unterhist.org\/unterhist-blog\/","name":"unterhist-blog","description":"Histoire des lieux souterrains en r\u00e9gion parisienne","publisher":{"@id":"https:\/\/unterhist.org\/unterhist-blog\/#organization"},"alternateName":"unterhist","potentialAction":[{"@type":"SearchAction","target":{"@type":"EntryPoint","urlTemplate":"https:\/\/unterhist.org\/unterhist-blog\/?s={search_term_string}"},"query-input":{"@type":"PropertyValueSpecification","valueRequired":true,"valueName":"search_term_string"}}],"inLanguage":"fr-FR"},{"@type":"Organization","@id":"https:\/\/unterhist.org\/unterhist-blog\/#organization","name":"unterhist","url":"https:\/\/unterhist.org\/unterhist-blog\/","logo":{"@type":"ImageObject","inLanguage":"fr-FR","@id":"https:\/\/unterhist.org\/unterhist-blog\/#\/schema\/logo\/image\/","url":"https:\/\/unterhist.org\/unterhist-blog\/wp-content\/uploads\/2023\/10\/unnamed.png","contentUrl":"https:\/\/unterhist.org\/unterhist-blog\/wp-content\/uploads\/2023\/10\/unnamed.png","width":360,"height":360,"caption":"unterhist"},"image":{"@id":"https:\/\/unterhist.org\/unterhist-blog\/#\/schema\/logo\/image\/"}}]}},"_links":{"self":[{"href":"https:\/\/unterhist.org\/unterhist-blog\/wp-json\/wp\/v2\/pages\/177","targetHints":{"allow":["GET"]}}],"collection":[{"href":"https:\/\/unterhist.org\/unterhist-blog\/wp-json\/wp\/v2\/pages"}],"about":[{"href":"https:\/\/unterhist.org\/unterhist-blog\/wp-json\/wp\/v2\/types\/page"}],"author":[{"embeddable":true,"href":"https:\/\/unterhist.org\/unterhist-blog\/wp-json\/wp\/v2\/users\/1"}],"replies":[{"embeddable":true,"href":"https:\/\/unterhist.org\/unterhist-blog\/wp-json\/wp\/v2\/comments?post=177"}],"version-history":[{"count":5,"href":"https:\/\/unterhist.org\/unterhist-blog\/wp-json\/wp\/v2\/pages\/177\/revisions"}],"predecessor-version":[{"id":1158,"href":"https:\/\/unterhist.org\/unterhist-blog\/wp-json\/wp\/v2\/pages\/177\/revisions\/1158"}],"wp:attachment":[{"href":"https:\/\/unterhist.org\/unterhist-blog\/wp-json\/wp\/v2\/media?parent=177"}],"curies":[{"name":"wp","href":"https:\/\/api.w.org\/{rel}","templated":true}]}}